{"id":749,"date":"2023-03-06T11:04:21","date_gmt":"2023-03-06T10:04:21","guid":{"rendered":"https:\/\/solarkoprerov.cz\/?page_id=749"},"modified":"2023-03-06T11:09:14","modified_gmt":"2023-03-06T10:09:14","slug":"rubino-sun-care","status":"publish","type":"page","link":"https:\/\/solarkoprerov.cz\/?page_id=749","title":{"rendered":"Rubino sun &#038; care"},"content":{"rendered":"<h1>Speci\u00e1ln\u00ed kosmetika Cosmedico RUBINO SUN &amp; CARE<\/h1>\n<p>Opalov\u00e1n\u00ed v sol\u00e1riu s trubicemi Rubino je vhodn\u00e9 podpo\u0159it a doplnit t\u011blov\u00fdm ml\u00e9kem RUBINO SUN &amp; CARE na b\u00e1zi kyseliny Hyaluronov\u00e9 s intenzivn\u00edm p\u016fsoben\u00edm na poko\u017eku. Kosmetika Rubino sun &amp; care je vhodn\u00e1 pro pou\u017eit\u00ed p\u0159ed i po opalov\u00e1n\u00ed.<\/p>\n<hr \/>\n<div class=\"spc\">\n<h1>Cosmedico RUBINO SUN &amp; CARE<\/h1>\n<p><strong>Vzorec proti st\u00e1rnut\u00ed<a href=\"https:\/\/solarkoprerov.cz\/wp-content\/uploads\/2023\/03\/Cos-RUBINO-200ml-31761-WEB-1.png\"><img decoding=\"async\" loading=\"lazy\" class=\"alignright size-medium wp-image-752\" src=\"https:\/\/solarkoprerov.cz\/wp-content\/uploads\/2023\/03\/Cos-RUBINO-200ml-31761-WEB-1-135x300.png\" alt=\"\" width=\"135\" height=\"300\" srcset=\"https:\/\/solarkoprerov.cz\/wp-content\/uploads\/2023\/03\/Cos-RUBINO-200ml-31761-WEB-1-135x300.png 135w, https:\/\/solarkoprerov.cz\/wp-content\/uploads\/2023\/03\/Cos-RUBINO-200ml-31761-WEB-1.png 378w\" sizes=\"(max-width: 135px) 100vw, 135px\" \/><\/a><\/strong><br \/>\nP\u016fsobiv\u00fd regenera\u010dn\u00ed \u00fa\u010dinek d\u00edky jedine\u010dn\u00e9 kombinaci selektivn\u00edch slo\u017eek proti st\u00e1rnut\u00ed. Podporuje obnovu bun\u011bk a zjem\u0148uje strukturu poko\u017eky. Povrch poko\u017eky je rovnom\u011brn\u00fd a pru\u017en\u00fd.<\/p>\n<p><strong>\u010cerven\u00e9 perly &#8211; \u00fa\u010dinn\u00e9 l\u00e1tky<\/strong><br \/>\nS \u010derven\u00fdmi perlami \u00fa\u010dinn\u00fdch l\u00e1tek pro vizu\u00e1ln\u00ed a haptick\u00fd z\u00e1\u017eitek. Vz\u00e1cn\u00e9 \u00fa\u010dinn\u00e9 l\u00e1tky obsa\u017een\u00e9 v perl\u00e1ch se uvol\u0148uj\u00ed p\u0159i mas\u00e1\u017ei, rychle se vst\u0159eb\u00e1vaj\u00ed a intenzivn\u011b o\u017eivuj\u00ed poko\u017eku.<\/p>\n<p><strong>Antioxidanty a vitamin E.<a href=\"https:\/\/solarkoprerov.cz\/wp-content\/uploads\/2023\/03\/Cos-Rubino-SunCare-BodyLotion-Art31762-WEB.jpg\"><img decoding=\"async\" loading=\"lazy\" class=\"alignright size-full wp-image-753\" src=\"https:\/\/solarkoprerov.cz\/wp-content\/uploads\/2023\/03\/Cos-Rubino-SunCare-BodyLotion-Art31762-WEB.jpg\" alt=\"\" width=\"295\" height=\"200\" \/><\/a><\/strong><br \/>\nVybran\u00e9 antioxidanty podporuj\u00ed tvorbu kolagenu a omlazen\u00ed poko\u017eky. Vitamin E tvo\u0159\u00ed stabiln\u00ed ochrann\u00fd \u0161t\u00edt proti oxida\u010dn\u00edmu stresu na k\u016f\u017ei b\u011bhem opalov\u00e1n\u00ed a zlep\u0161uje p\u0159\u00edsun kysl\u00edku do tk\u00e1n\u011b.<\/p>\n<p><strong>Vlhkost a ochrana k\u016f\u017ee<\/strong><br \/>\nKomplex lipid\u016f, kter\u00fd je dokonale p\u0159izp\u016fsoben pro pou\u017eit\u00ed po opalov\u00e1n\u00ed s RUBINO, poskytuje vlhkost a posiluje p\u0159irozenou bari\u00e9ru poko\u017eky. Kyselina hyaluronov\u00e1 dod\u00e1v\u00e1 poko\u017ece intenzivn\u00ed vlhkost a \u00fa\u010dinn\u011b podporuje jej\u00ed vlastn\u00ed hydrataci. Pocity nap\u011bt\u00ed se uklidn\u00ed, vr\u00e1sky se vypln\u00ed, poko\u017eka je dob\u0159e vy\u017eiven\u00e1 a vypad\u00e1 z\u00e1\u0159iv\u011b sv\u011b\u017e\u00ed, hladk\u00e1 a dob\u0159e odpo\u010dat\u00e1.<\/p>\n<p><strong>Neobsahuje parabeny, rychle se vst\u0159eb\u00e1v\u00e1, nezanech\u00e1v\u00e1 nep\u0159\u00edjemn\u00fd mastn\u00fd film a m\u00e1 p\u0159\u00edjemn\u011b jemnou v\u016fni.<\/strong><br \/>\nVhodn\u00fd pro \u017eeny a mu\u017ee v\u0161ech typ\u016f pleti.<br \/>\nVyrobeno v N\u011bmecku podle nejvy\u0161\u0161\u00edch standard\u016f kvality.<\/p>\n<p><b>cena<\/b><br \/>\n399 K\u010d\/balen\u00ed 200ml<br \/>\n70 K\u010d\/balen\u00ed 15ml jednor\u00e1zov\u00fd kr\u00e9m<\/p>\n<\/div>\n","protected":false},"excerpt":{"rendered":"<p>Speci\u00e1ln\u00ed kosmetika Cosmedico RUBINO SUN &amp; CARE Opalov\u00e1n\u00ed v sol\u00e1riu s trubicemi Rubino je vhodn\u00e9 podpo\u0159it a doplnit t\u011blov\u00fdm ml\u00e9kem RUBINO SUN &amp; CARE na b\u00e1zi kyseliny Hyaluronov\u00e9 s intenzivn\u00edm p\u016fsoben\u00edm na poko\u017eku. Kosmetika Rubino sun &amp; care je vhodn\u00e1 pro pou\u017eit\u00ed p\u0159ed i po opalov\u00e1n\u00ed. Cosmedico RUBINO SUN &amp; CARE Vzorec proti st\u00e1rnut\u00ed P\u016fsobiv\u00fd &hellip; <\/p>\n<p class=\"link-more\"><a href=\"https:\/\/solarkoprerov.cz\/?page_id=749\" class=\"more-link\">Pokra\u010dovat ve \u010dten\u00ed<span class=\"screen-reader-text\"> &#8222;Rubino sun &#038; care&#8220;<\/span><\/a><\/p>\n","protected":false},"author":1,"featured_media":0,"parent":27,"menu_order":10,"comment_status":"closed","ping_status":"closed","template":"","meta":[],"_links":{"self":[{"href":"https:\/\/solarkoprerov.cz\/index.php?rest_route=\/wp\/v2\/pages\/749"}],"collection":[{"href":"https:\/\/solarkoprerov.cz\/index.php?rest_route=\/wp\/v2\/pages"}],"about":[{"href":"https:\/\/solarkoprerov.cz\/index.php?rest_route=\/wp\/v2\/types\/page"}],"author":[{"embeddable":true,"href":"https:\/\/solarkoprerov.cz\/index.php?rest_route=\/wp\/v2\/users\/1"}],"replies":[{"embeddable":true,"href":"https:\/\/solarkoprerov.cz\/index.php?rest_route=%2Fwp%2Fv2%2Fcomments&post=749"}],"version-history":[{"count":5,"href":"https:\/\/solarkoprerov.cz\/index.php?rest_route=\/wp\/v2\/pages\/749\/revisions"}],"predecessor-version":[{"id":759,"href":"https:\/\/solarkoprerov.cz\/index.php?rest_route=\/wp\/v2\/pages\/749\/revisions\/759"}],"up":[{"embeddable":true,"href":"https:\/\/solarkoprerov.cz\/index.php?rest_route=\/wp\/v2\/pages\/27"}],"wp:attachment":[{"href":"https:\/\/solarkoprerov.cz\/index.php?rest_route=%2Fwp%2Fv2%2Fmedia&parent=749"}],"curies":[{"name":"wp","href":"https:\/\/api.w.org\/{rel}","templated":true}]}}